{"id":1474,"date":"2019-10-19T21:06:20","date_gmt":"2019-10-19T19:06:20","guid":{"rendered":"https:\/\/www.kairoz.at\/?page_id=1474"},"modified":"2025-11-12T19:30:01","modified_gmt":"2025-11-12T18:30:01","slug":"terms-of-service","status":"publish","type":"page","link":"https:\/\/www.kairoz.at\/en\/terms-of-service\/","title":{"rendered":"Terms of Service"},"content":{"rendered":"<div class=\"wpb-content-wrapper\"><p>[vc_row][vc_column][vc_empty_space height=&#8221;100px&#8221;][\/vc_column][\/vc_row][vc_row type=&#8221;boxed&#8221; max_width=&#8221;800&#8243;][vc_column][vc_column_text css=&#8221;&#8221;]<\/p>\n<h1>Allgemeine Gesch\u00e4ftsbedingungen<\/h1>\n<p>&nbsp;<\/p>\n<p>Kairoz \u2013 Julia Fischer<br \/>\nHaag 8<br \/>\n5112 Lamprechtshausen<br \/>\nStand: Februar 2023<\/p>\n<p>Infos, Ausk\u00fcnfte und Beschwerden an: <a href=\"mailto:hello@kairoz.at\">hello@kairoz.at<\/a><\/p>\n<p>&nbsp;<\/p>\n<h5>1 Geltungsbereich<\/h5>\n<p>(1) Die nachstehenden \u201eAllgemeinen Gesch\u00e4ftsbedingungen\u201c (AGB) gelten in der am Tag der Bestellung g\u00fcltigen Fassung f\u00fcr s\u00e4mtliche Kaufvertr\u00e4ge \u00fcber Produkte zwischen uns als Betreiber des Kairoz Webshops und dessen Kunden. Abweichende Vereinbarungen bed\u00fcrfen der Schriftform. Mit der Abgabe seiner Bestellung erkl\u00e4rt sich der Kunde mit diesen AGB einverstanden und an sie gebunden.<\/p>\n<p>(2) Sollten einzelne Bestimmungen dieser AGB aufgrund zwingender gesetzlicher Vorschriften (insbesondere den Bestimmungen des KSchG) ganz oder teilweise unwirksam sein, so bleiben die \u00fcbrigen Bestimmungen dieser AGB unver\u00e4ndert wirksam.<\/p>\n<p>(3) Betreiberin und Vertragspartnerin ist:<br \/>\nJulia Fischer<br \/>\nHaag 8<br \/>\n5112 Lamprechtshausen<br \/>\nhello@kairoz.at<\/p>\n<p>&nbsp;<\/p>\n<h5>2 Vertragsschluss<\/h5>\n<p>Wir behalten uns das Recht vor, das jeweilige Leistungsangebot inhaltlich jederzeit zu ver\u00e4ndern. Alle Angebote von uns (Prospekte, Kataloge, Preislisten, Webshop&#8230;) sind freibleibend und als Aufforderung an den Kunden zu verstehen, selbst ein Angebot zu legen. Der Vertrag kommt durch Annahme der Bestellung durch uns zustande, und zwar entweder durch Absendung einer Auftragsbest\u00e4tigung mittels E-Mail oder unmittelbar durch Absendung der bestellten Ware.<\/p>\n<p>&nbsp;<\/p>\n<h5>3 Vertragssprache<\/h5>\n<p>Der Vertragsinhalt, alle sonstigen Informationen, Kundendienst und Beschwerdeerledigung werden durchg\u00e4ngig in deutscher Sprache angeboten.<\/p>\n<p>&nbsp;<\/p>\n<h5>4 R\u00fccktrittsrecht im Fernabsatz<\/h5>\n<p>(1) Kunden, die Verbraucher im Sinne des Konsumentenschutzgesetzes sind, k\u00f6nnen 14 Tage ab Waren\u00fcbernahme vom Kauf ohne Angabe von Gr\u00fcnden zur\u00fccktreten.<br \/>\nEs gen\u00fcgt, wenn die R\u00fccktrittserkl\u00e4rung innerhalb der Frist ohne Angabe von Gr\u00fcnden abgesendet wird (zu richten an hello@kairoz.at). Daf\u00fcr kann das Muster-Widerrufsformular verwendet werden (<a href=\"https:\/\/www.kairoz.at\/wp-content\/uploads\/2019\/11\/Widerrufsformular_Kairoz.pdf\" target=\"_blank\" rel=\"noopener noreferrer\">hier downloaden<\/a>).<\/p>\n<p>(2) Im Falle des R\u00fccktritts findet eine vollst\u00e4ndige R\u00fcckerstattung des Kaufpreises nur Zug um Zug gegen Zur\u00fcckstellung der vom Kunden erhaltenen Waren statt. Sowohl die R\u00fccksendung der Ware und R\u00fcckerstattung des Kaufpreises haben binnen 14 Tagen ab Erkl\u00e4rung des R\u00fccktritts bzw. R\u00fccksendung der Ware zu erfolgen. Bedingung hierf\u00fcr ist, dass sich die Ware in ungen\u00fctztem und als neu wiederverkaufsf\u00e4higem Zustand befindet. Wir ko\u0308nnen die Ru\u0308ckzahlung verweigern, bis wir die Waren wieder zuru\u0308ckerhalten haben oder bis Sie den Nachweis erbracht haben, dass Sie die Waren zuru\u0308ckgesandt haben, je nachdem, welches der fru\u0308here Zeitpunkt ist.<br \/>\nDie Kosten der R\u00fccksendung der Waren im R\u00fccktrittsfall tr\u00e4gt der Verbraucher.<\/p>\n<p>(3) Bei Artikeln, die durch Gebrauchsspuren beeintr\u00e4chtigt oder besch\u00e4digt sind, wird von uns ein angemessenes Entgelt f\u00fcr die Wertminderung erhoben. Gleiches gilt, wenn bei R\u00fcckgabe der Ware Zubeh\u00f6r fehlt.<\/p>\n<p>(4) Ein R\u00fccktrittsrecht besteht nicht bei Waren, die nach Kundenspezifikationen angefertigt werden oder eindeutig auf die pers\u00f6nlichen Bed\u00fcrfnisse zugeschnitten sind.<\/p>\n<p>&nbsp;<\/p>\n<h5>5 Preise<\/h5>\n<p>(1) Grunds\u00e4tzlich gilt jener Kaufpreis f\u00fcr die bestellten Waren als vereinbart, der sich aus unseren aktuellen Webshop Preisen ergibt. Die angegebenen Preise beinhalten alle zugeh\u00f6rigen Geb\u00fchren. Hinzu kommen etwaige Versandkosten.<br \/>\nAls Kleinunternehmer gem\u00e4\u00df \u00a7 6 Abs. 1 Z 27 UStG wird Umsatzsteuer nicht berechnet.<\/p>\n<p>(2) Sollten im Zuge des Versandes Export- oder Importabgaben f\u00e4llig werden, gehen auch diese zu Lasten des Bestellers. Die Preise f\u00fcr die angebotenen Lieferungen und Leistungen enthalten nicht Kosten, die von Dritten verrechnet werden.<\/p>\n<p>&nbsp;<\/p>\n<h5>6 Lieferbedingungen<\/h5>\n<p>(1) Die Lieferung erfolgt im Normalfall innerhalb von 10 Werktagen ab der Bestellung des Kunden, aber jedenfalls innerhalb von 30 Tagen ab Bestelldatum. Sollten wir &#8211; etwa aufgrund der Nichtverf\u00fcgbarkeit der Ware \u2013 eine Bestellung nicht annehmen k\u00f6nnen, teilen wir dies dem Kunden unverz\u00fcglich mit. Geringf\u00fcgige Lieferfrist\u00fcberschreitungen hat der K\u00e4ufer\/Werkbesteller jedenfalls zu akzeptieren, ohne dass ihm ein Schadenersatzanspruch oder ein R\u00fccktrittsrecht zusteht.<\/p>\n<p>(2) Die Lieferung erfolgt an die vom Kunden angegebene Adresse. Bei unrichtigen, unvollst\u00e4ndigen oder unklaren Angaben durch den Kunden tr\u00e4gt dieser alle daraus entstehenden Kosten.<\/p>\n<p>&nbsp;<\/p>\n<h5>7 Einseitige Leistungs\u00e4nderungen<\/h5>\n<p>Sachlich gerechtfertigte und angemessene \u00c4nderungen unserer Leistungs- bzw. Lieferverpflichtung, insbesondere angemessene Lieferfrist oder kurzfristige Zahlungsfrist\u00fcberschreitungen unsererseits gelten als vorweg genehmigt.<br \/>\nSachlich gerechtfertigte und geringf\u00fcgige \u00c4nderungen, die nicht den Preis betreffen, k\u00f6nnen unsererseits vorgenommen werden. Dies gilt insbesondere f\u00fcr derartige Lieferfrist\u00fcberschreitungen. Wir werden dann, wenn die tats\u00e4chliche Frist\u00fcberschreitung absch\u00e4tzbar ist, sp\u00e4testens jedoch eine Woche vor dem urspr\u00fcnglich vereinbarten Liefertermin, bekannt geben, wie lange mit einer Verz\u00f6gerung zu rechnen ist.<\/p>\n<p>&nbsp;<\/p>\n<h5>8 Zahlungsbedingungen<\/h5>\n<p>Der Verbraucher hat die Mo\u0308glichkeit der Zahlung per EPS, SOFORT und Kreditkarte. Die Verrechnung erfolgt in Euro.<\/p>\n<p>&nbsp;<\/p>\n<h5>9 Gew\u00e4hrleistung<\/h5>\n<p>Es gelten die gesetzlichen Gew\u00e4hrleistungsbestimmungen. Abgesehen von jenen F\u00e4llen, in denen von Gesetzes wegen das Recht auf Wandlung zusteht, behalten wir uns vor, den Gew\u00e4hrleistungsanspruch nach unserer Wahl durch Verbesserung, Austausch oder Preisminderung zu erf\u00fcllen.<\/p>\n<p>Fu\u0308r Scha\u0308den, die durch unsachgema\u0308\u00dfe Behandlung ausgelo\u0308st werden, wird keine Haftung u\u0308bernommen.<\/p>\n<p>&nbsp;<\/p>\n<h5>10 Gefahrtragung bei Lieferung an Verbraucher im Sinne des KSchG<\/h5>\n<p>Beim Versand der Ware geht die Gefahr f\u00fcr den Verlust oder die Besch\u00e4digung der Ware erst auf den Verbraucher \u00fcber, sobald die Ware an den Verbraucher oder an einen von diesem bestimmten, vom Bef\u00f6rderer verschiedenen Dritten abgeliefert wird. Hat aber der Verbraucher selbst den Bef\u00f6rderungsvertrag geschlossen, ohne dabei eine unsererseits vorgeschlagene Auswahlm\u00f6glichkeit zu n\u00fctzen, so geht die Gefahr bereits mit der Aush\u00e4ndigung der Ware an den Bef\u00f6rderer \u00fcber.<\/p>\n<p>&nbsp;<\/p>\n<h5>11 Eigentumsvorbehalt<\/h5>\n<p>Die Ware bleibt bis zur vollst\u00e4ndigen Bezahlung des Kaufpreises und aller Kosten und Spesen unser Eigentum. Eine Weiterver\u00e4u\u00dferung ist nur zul\u00e4ssig, wenn uns diese rechtzeitig vorher unter Anf\u00fchrung des Namens bzw. der Firma und der genauen Gesch\u00e4ftsanschrift des K\u00e4ufers bekannt gegeben wurde und wir der Ver\u00e4u\u00dferung zustimmen. Im Falle unserer Zustimmung gilt die Kaufpreisforderung als an uns abgetreten und sind wir jederzeit befugt, den Drittschuldner von dieser Abtretung zu verst\u00e4ndigen. Im Falle einer Mehrzahl von Forderungen unsererseits, werden Zahlungen des Schuldners prim\u00e4r jenen unserer Forderungen zugerechnet, die nicht (mehr) durch einen Eigentumsvorbehalt oder andere Sicherungsmittel gesichert sind.<\/p>\n<p>Im Falle des Verzuges sind wir berechtigt, unsere Rechte aus dem Eigentumsvorbehalt geltend zu machen. Es wird vereinbart, dass in der Geltendmachung des Eigentumsvorbehalts kein R\u00fccktritt vom Vertrag liegt, au\u00dfer, wir erkl\u00e4ren den R\u00fccktritt vom Vertrag ausdr\u00fccklich.<\/p>\n<p>&nbsp;<\/p>\n<h5>12 Schadenersatz<\/h5>\n<p>Wir haften nur f\u00fcr Sch\u00e4den bei Vorsatz und grober Fahrl\u00e4ssigkeit, mit Ausnahme von Sch\u00e4den an Personen.[\/vc_column_text][\/vc_column][\/vc_row][vc_row][vc_column][vc_empty_space height=&#8221;100px&#8221;][\/vc_column][\/vc_row]<\/p>\n<\/div>","protected":false},"excerpt":{"rendered":"<p>[vc_row][vc_column][vc_empty_space height=&#8221;100px&#8221;][\/vc_column][\/vc_row][vc_row type=&#8221;boxed&#8221; max_width=&#8221;800&#8243;][vc_column][vc_column_text css=&#8221;&#8221;] Allgemeine Gesch\u00e4ftsbedingungen &nbsp; Kairoz \u2013 Julia Fischer Haag 8 5112 Lamprechtshausen Stand: Februar 2023 Infos, Ausk\u00fcnfte und Beschwerden an: hello@kairoz.at &nbsp; 1 Geltungsbereich (1) Die nachstehenden \u201eAllgemeinen Gesch\u00e4ftsbedingungen\u201c (AGB) gelten in der am Tag der Bestellung g\u00fcltigen Fassung f\u00fcr s\u00e4mtliche Kaufvertr\u00e4ge \u00fcber Produkte zwischen uns als Betreiber des Kairoz Webshops &hellip;<\/p>\n","protected":false},"author":1,"featured_media":0,"parent":0,"menu_order":0,"comment_status":"closed","ping_status":"closed","template":"","meta":{"footnotes":""},"class_list":["post-1474","page","type-page","status-publish","hentry"],"_links":{"self":[{"href":"https:\/\/www.kairoz.at\/en\/wp-json\/wp\/v2\/pages\/1474","targetHints":{"allow":["GET"]}}],"collection":[{"href":"https:\/\/www.kairoz.at\/en\/wp-json\/wp\/v2\/pages"}],"about":[{"href":"https:\/\/www.kairoz.at\/en\/wp-json\/wp\/v2\/types\/page"}],"author":[{"embeddable":true,"href":"https:\/\/www.kairoz.at\/en\/wp-json\/wp\/v2\/users\/1"}],"replies":[{"embeddable":true,"href":"https:\/\/www.kairoz.at\/en\/wp-json\/wp\/v2\/comments?post=1474"}],"version-history":[{"count":6,"href":"https:\/\/www.kairoz.at\/en\/wp-json\/wp\/v2\/pages\/1474\/revisions"}],"predecessor-version":[{"id":70394,"href":"https:\/\/www.kairoz.at\/en\/wp-json\/wp\/v2\/pages\/1474\/revisions\/70394"}],"wp:attachment":[{"href":"https:\/\/www.kairoz.at\/en\/wp-json\/wp\/v2\/media?parent=1474"}],"curies":[{"name":"wp","href":"https:\/\/api.w.org\/{rel}","templated":true}]}}